{"id":11783,"date":"2024-01-05T12:44:39","date_gmt":"2024-01-05T12:44:39","guid":{"rendered":"https:\/\/gobogota.com.co\/politicas-de-privacidad\/"},"modified":"2024-01-28T22:08:02","modified_gmt":"2024-01-28T22:08:02","slug":"politicas-de-privacidad","status":"publish","type":"page","link":"https:\/\/gobogota.com.co\/es\/politicas-de-privacidad\/","title":{"rendered":"Pol\u00edticas de Privacidad"},"content":{"rendered":"\t\t<div data-elementor-type=\"wp-page\" data-elementor-id=\"11783\" class=\"elementor elementor-11783 elementor-11776\" data-elementor-post-type=\"page\">\n\t\t\t\t<div class=\"elementor-element elementor-element-ebff4a3 e-con-full e-flex e-con e-parent\" data-id=\"ebff4a3\" data-element_type=\"container\">\n\t\t\t\t<div class=\"elementor-element elementor-element-921f851 elementor-widget elementor-widget-heading\" data-id=\"921f851\" data-element_type=\"widget\" data-widget_type=\"heading.default\">\n\t\t\t\t<div class=\"elementor-widget-container\">\n\t\t\t\t\t<h1 class=\"elementor-heading-title elementor-size-default\">Pol\u00edtica de Privacidad -GoBogot\u00e1<\/h1>\t\t\t\t<\/div>\n\t\t\t\t<\/div>\n\t\t\t\t<div class=\"elementor-element elementor-element-51ecc6d elementor-widget elementor-widget-text-editor\" data-id=\"51ecc6d\" data-element_type=\"widget\" data-widget_type=\"text-editor.default\">\n\t\t\t\t<div class=\"elementor-widget-container\">\n\t\t\t\t\t\t\t\t\t<p>GOBOGOTA is committed to protecting the privacy of our website visitors. When you provide us with personal information, we protect the privacy and confidentiality of that information. <br \/>GOBOGOTA&#8217;s goal is to collect and use only the information we deem necessary for our legitimate business interests. <\/p>\n<p>When you browse this website, you do so anonymously. However, GOBOGOTA does collect limited personal information about you in some circumstances. <\/p>\n<p>One way to provide us with personal information is to send us an email, either through your own email software or through the \u00abContact Us\u00bb form on the site. If you send us e-mail, your e-mail address and the content of your message will be collected. This includes text characters and any formatted graphic, audio and video information included in the message. Your e-mail address and the information included in your message will be used to respond to you, address problems you identify, improve this site, or forward your message to the appropriate GOBOGOTA unit for a response. We may also share your personal information with GOBOGOTA subsidiaries or affiliates to enable us to do so. For this purpose, the information you provide may be transferred outside your country to another country that does not have similar data protection legislation and may provide a lower level of protection for your information. By submitting any information, you agree to these transfers. GOBOGOTA may also share your personal information with other companies that we have contracted to provide services to us. These companies (our suppliers) are contractually obligated to use the personal information we share with them only to perform the services for which we have contracted them. Your e-mail address will not be used for marketing purposes and GOBOGOTA will not sell or otherwise distribute your e-mail address to any third party. Any personal information you choose to provide to GOBOGOTA will be retained by GOBOGOTA in accordance with our standard corporate policies. We will disclose information about you if you direct us to do so, if we are required to do so by law, or in other legally limited circumstances (for example, to protect your account against fraud).<\/p>\n<p> Our servers automatically record information about visits to this website in the normal course of establishing and maintaining web connections. The server logs record statistical information, such as visitors&#8217; IP addresses, the time and duration of the visit, and which web pages you visited immediately before and after visiting GOBOGOTA. We collect this information so that we can continually improve the content of our website. These statistics are presented in aggregate form only. We do not link server log information to any other data in a way that allows us to identify individual visitors. <\/p>\n<p>This web site uses cookies. Cookies are pieces of information transferred to the browsing computer and stored for record-keeping purposes. Knowing how a site visitor uses the site through cookies allows us to tailor our content and services to more effectively meet visitors&#8217; needs. It also allows us to improve the quality of your visit by ensuring that the website is formatted appropriately for your computer and web browser. <\/p>\n<p>GOBOGOTA uses industry standard security measures to protect the information under our control, including firewalls and other security measures. Although the inherent dangers of the Internet mean that we cannot guarantee the protection of your information from loss, misuse or alteration, GOBOGOTA works hard to protect all of your personal information. Security procedures have been integrated into the design, implementation and daily operations of this web site as part of our ongoing commitment to the security of electronic content as well as the electronic transmission of information.<\/p>\n<p> GOBOGOTA is firmly committed to protecting personal information collected through this website from unauthorized access, use or disclosure. That is why GOBOGOTA limits employee access to personal information collected through this website to those employees who need access to the information to perform their official duties, and those employees follow appropriate procedures to protect against any inappropriate disclosure of that information. <\/p>\n<p>This site is a general audience website and is intended for use by adults and teenagers interested in GOBOGOTA. It is not intended for children.<\/p>\n\t\t\t\t\t\t\t\t<\/div>\n\t\t\t\t<\/div>\n\t\t\t\t<div class=\"elementor-element elementor-element-895f8e0 elementor-widget elementor-widget-heading\" data-id=\"895f8e0\" data-element_type=\"widget\" data-widget_type=\"heading.default\">\n\t\t\t\t<div class=\"elementor-widget-container\">\n\t\t\t\t\t<h2 class=\"elementor-heading-title elementor-size-default\">Tratamiento de datos<\/h2>\t\t\t\t<\/div>\n\t\t\t\t<\/div>\n\t\t\t\t<div class=\"elementor-element elementor-element-0f675f4 elementor-widget elementor-widget-text-editor\" data-id=\"0f675f4\" data-element_type=\"widget\" data-widget_type=\"text-editor.default\">\n\t\t\t\t<div class=\"elementor-widget-container\">\n\t\t\t\t\t\t\t\t\t<p>En cumplimiento de lo dispuesto en el art\u00edculo 17 de la Ley 679 de 2001, la agencia advierte al turista que la explotaci\u00f3n y abuso sexual de menores en el pa\u00eds son sancionados penal y administrativamente seg\u00fan las leyes Pol\u00edtica de Privacidad GOBOGOT\u00c1 en cumplimiento de lo dispuesto en la Ley 1581 de 2012 que regula la recolecci\u00f3n y tratamiento de datos personales, y establece las garant\u00edas legales a las que tienen que acogerse todas las personas en Colombia para el adecuado tratamiento de dicha informaci\u00f3n.<\/p>\n\t\t\t\t\t\t\t\t<\/div>\n\t\t\t\t<\/div>\n\t\t\t\t<div class=\"elementor-element elementor-element-40a5be2 elementor-widget elementor-widget-heading\" data-id=\"40a5be2\" data-element_type=\"widget\" data-widget_type=\"heading.default\">\n\t\t\t\t<div class=\"elementor-widget-container\">\n\t\t\t\t\t<h3 class=\"elementor-heading-title elementor-size-default\">Pol\u00edtica de devoluciones<\/h3>\t\t\t\t<\/div>\n\t\t\t\t<\/div>\n\t\t\t\t<div class=\"elementor-element elementor-element-a3509f5 elementor-widget elementor-widget-text-editor\" data-id=\"a3509f5\" data-element_type=\"widget\" data-widget_type=\"text-editor.default\">\n\t\t\t\t<div class=\"elementor-widget-container\">\n\t\t\t\t\t\t\t\t\t<p>Para cancelar o cambiar la fecha de un tour se debe realizar 24 horas antes. En caso contrario no se reembolsar\u00e1 el dinero.<\/p>\n\t\t\t\t\t\t\t\t<\/div>\n\t\t\t\t<\/div>\n\t\t\t\t<\/div>\n\t\t\t\t<\/div>\n\t\t","protected":false},"excerpt":{"rendered":"<p>Pol\u00edtica de Privacidad -GoBogot\u00e1 GOBOGOTA is committed to protecting the privacy of our website visitors. When you provide us with personal information, we protect the privacy and confidentiality of that information. GOBOGOTA&#8217;s goal is to collect and use only the information we deem necessary for our legitimate business interests. When you browse this website, you [&hellip;]<\/p>\n","protected":false},"author":1,"featured_media":11869,"parent":0,"menu_order":0,"comment_status":"closed","ping_status":"closed","template":"template-blank.php","meta":{"_acf_changed":false,"_uf_show_specific_survey":0,"_uf_disable_surveys":false,"footnotes":""},"class_list":["post-11783","page","type-page","status-publish","has-post-thumbnail","hentry"],"acf":[],"yoast_head":"<!-- This site is optimized with the Yoast SEO plugin v27.3 - https:\/\/yoast.com\/product\/yoast-seo-wordpress\/ -->\n<title>Privacy Policy | Gobogota - Your Data Protection<\/title>\n<meta name=\"description\" content=\"Learn about our privacy policy at Gobogota and how we protect your personal data. Your security and confidentiality are our top priorities.\" \/>\n<meta name=\"robots\" content=\"index, follow, max-snippet:-1, max-image-preview:large, max-video-preview:-1\" \/>\n<link rel=\"canonical\" href=\"https:\/\/gobogota.com.co\/es\/politicas-de-privacidad\/\" \/>\n<meta property=\"og:locale\" content=\"es_ES\" \/>\n<meta property=\"og:type\" content=\"article\" \/>\n<meta property=\"og:title\" content=\"Privacy Policy | Gobogota - Your Data Protection\" \/>\n<meta property=\"og:description\" content=\"Learn about our privacy policy at Gobogota and how we protect your personal data. Your security and confidentiality are our top priorities.\" \/>\n<meta property=\"og:url\" content=\"https:\/\/gobogota.com.co\/es\/politicas-de-privacidad\/\" \/>\n<meta property=\"og:site_name\" content=\"GoBogot\u00e1\" \/>\n<meta property=\"article:modified_time\" content=\"2024-01-28T22:08:02+00:00\" \/>\n<meta property=\"og:image\" content=\"https:\/\/gobogota.com.co\/wp-content\/uploads\/2024\/01\/Logo-seo.png\" \/>\n\t<meta property=\"og:image:width\" content=\"200\" \/>\n\t<meta property=\"og:image:height\" content=\"200\" \/>\n\t<meta property=\"og:image:type\" content=\"image\/png\" \/>\n<meta name=\"twitter:card\" content=\"summary_large_image\" \/>\n<meta name=\"twitter:label1\" content=\"Tiempo de lectura\" \/>\n\t<meta name=\"twitter:data1\" content=\"6 minuto\" \/>\n<!-- \/ Yoast SEO plugin. -->","yoast_head_json":{"title":"Privacy Policy | Gobogota - Your Data Protection","description":"Learn about our privacy policy at Gobogota and how we protect your personal data. Your security and confidentiality are our top priorities.","robots":{"index":"index","follow":"follow","max-snippet":"max-snippet:-1","max-image-preview":"max-image-preview:large","max-video-preview":"max-video-preview:-1"},"canonical":"https:\/\/gobogota.com.co\/es\/politicas-de-privacidad\/","og_locale":"es_ES","og_type":"article","og_title":"Privacy Policy | Gobogota - Your Data Protection","og_description":"Learn about our privacy policy at Gobogota and how we protect your personal data. Your security and confidentiality are our top priorities.","og_url":"https:\/\/gobogota.com.co\/es\/politicas-de-privacidad\/","og_site_name":"GoBogot\u00e1","article_modified_time":"2024-01-28T22:08:02+00:00","og_image":[{"width":200,"height":200,"url":"https:\/\/gobogota.com.co\/wp-content\/uploads\/2024\/01\/Logo-seo.png","type":"image\/png"}],"twitter_card":"summary_large_image","twitter_misc":{"Tiempo de lectura":"6 minuto"},"schema":{"@context":"https:\/\/schema.org","@graph":[{"@type":"WebPage","@id":"https:\/\/gobogota.com.co\/es\/politicas-de-privacidad\/","url":"https:\/\/gobogota.com.co\/es\/politicas-de-privacidad\/","name":"Privacy Policy | Gobogota - Your Data Protection","isPartOf":{"@id":"https:\/\/www.gobogota.com.co\/es\/#website"},"primaryImageOfPage":{"@id":"https:\/\/gobogota.com.co\/es\/politicas-de-privacidad\/#primaryimage"},"image":{"@id":"https:\/\/gobogota.com.co\/es\/politicas-de-privacidad\/#primaryimage"},"thumbnailUrl":"https:\/\/gobogota.com.co\/wp-content\/uploads\/2024\/01\/Logo-seo.png","datePublished":"2024-01-05T12:44:39+00:00","dateModified":"2024-01-28T22:08:02+00:00","description":"Learn about our privacy policy at Gobogota and how we protect your personal data. Your security and confidentiality are our top priorities.","breadcrumb":{"@id":"https:\/\/gobogota.com.co\/es\/politicas-de-privacidad\/#breadcrumb"},"inLanguage":"es","potentialAction":[{"@type":"ReadAction","target":["https:\/\/gobogota.com.co\/es\/politicas-de-privacidad\/"]}]},{"@type":"ImageObject","inLanguage":"es","@id":"https:\/\/gobogota.com.co\/es\/politicas-de-privacidad\/#primaryimage","url":"https:\/\/gobogota.com.co\/wp-content\/uploads\/2024\/01\/Logo-seo.png","contentUrl":"https:\/\/gobogota.com.co\/wp-content\/uploads\/2024\/01\/Logo-seo.png","width":200,"height":200,"caption":"Logo-seo"},{"@type":"BreadcrumbList","@id":"https:\/\/gobogota.com.co\/es\/politicas-de-privacidad\/#breadcrumb","itemListElement":[{"@type":"ListItem","position":1,"name":"Home","item":"https:\/\/gobogota.com.co\/es\/"},{"@type":"ListItem","position":2,"name":"Pol\u00edticas de Privacidad"}]},{"@type":"WebSite","@id":"https:\/\/www.gobogota.com.co\/es\/#website","url":"https:\/\/www.gobogota.com.co\/es\/","name":"GoBogot\u00e1","description":"Tourism Agency","publisher":{"@id":"https:\/\/www.gobogota.com.co\/es\/#organization"},"potentialAction":[{"@type":"SearchAction","target":{"@type":"EntryPoint","urlTemplate":"https:\/\/www.gobogota.com.co\/es\/?s={search_term_string}"},"query-input":{"@type":"PropertyValueSpecification","valueRequired":true,"valueName":"search_term_string"}}],"inLanguage":"es"},{"@type":"Organization","@id":"https:\/\/www.gobogota.com.co\/es\/#organization","name":"GoBogot\u00e1","url":"https:\/\/www.gobogota.com.co\/es\/","logo":{"@type":"ImageObject","inLanguage":"es","@id":"https:\/\/www.gobogota.com.co\/es\/#\/schema\/logo\/image\/","url":"https:\/\/gobogota.com.co\/wp-content\/uploads\/2024\/01\/cropped-cropped-PERFIL-SOMBRAS.jpg","contentUrl":"https:\/\/gobogota.com.co\/wp-content\/uploads\/2024\/01\/cropped-cropped-PERFIL-SOMBRAS.jpg","width":501,"height":501,"caption":"GoBogot\u00e1"},"image":{"@id":"https:\/\/www.gobogota.com.co\/es\/#\/schema\/logo\/image\/"}}]}},"_links":{"self":[{"href":"https:\/\/gobogota.com.co\/es\/wp-json\/wp\/v2\/pages\/11783","targetHints":{"allow":["GET"]}}],"collection":[{"href":"https:\/\/gobogota.com.co\/es\/wp-json\/wp\/v2\/pages"}],"about":[{"href":"https:\/\/gobogota.com.co\/es\/wp-json\/wp\/v2\/types\/page"}],"author":[{"embeddable":true,"href":"https:\/\/gobogota.com.co\/es\/wp-json\/wp\/v2\/users\/1"}],"replies":[{"embeddable":true,"href":"https:\/\/gobogota.com.co\/es\/wp-json\/wp\/v2\/comments?post=11783"}],"version-history":[{"count":0,"href":"https:\/\/gobogota.com.co\/es\/wp-json\/wp\/v2\/pages\/11783\/revisions"}],"wp:featuredmedia":[{"embeddable":true,"href":"https:\/\/gobogota.com.co\/es\/wp-json\/wp\/v2\/media\/11869"}],"wp:attachment":[{"href":"https:\/\/gobogota.com.co\/es\/wp-json\/wp\/v2\/media?parent=11783"}],"curies":[{"name":"wp","href":"https:\/\/api.w.org\/{rel}","templated":true}]}}